{"id":2510,"date":"2022-08-05T15:39:31","date_gmt":"2022-08-05T13:39:31","guid":{"rendered":"https:\/\/ineskaiser-grace.fr\/contact\/"},"modified":"2022-09-05T15:49:39","modified_gmt":"2022-09-05T13:49:39","slug":"contact","status":"publish","type":"page","link":"https:\/\/ineskaiser-grace.fr\/en\/contact\/","title":{"rendered":"Contact"},"content":{"rendered":"\t\t<div data-elementor-type=\"wp-post\" data-elementor-id=\"2510\" class=\"elementor elementor-2510 elementor-1173\">\n\t\t\t\t\t\t<section class=\"elementor-section elementor-top-section elementor-element elementor-element-4ba03f92 elementor-section-height-min-height elementor-section-items-bottom elementor-section-boxed elementor-section-height-default\" data-id=\"4ba03f92\" data-element_type=\"section\" data-e-type=\"section\" data-settings=\"{&quot;background_background&quot;:&quot;classic&quot;}\">\n\t\t\t\t\t\t\t<div class=\"elementor-background-overlay\"><\/div>\n\t\t\t\t\t\t\t<div class=\"elementor-container elementor-column-gap-default\">\n\t\t\t\t\t<div class=\"elementor-column elementor-col-100 elementor-top-column elementor-element elementor-element-4a14d9ff\" data-id=\"4a14d9ff\" data-element_type=\"column\" data-e-type=\"column\">\n\t\t\t<div class=\"elementor-widget-wrap elementor-element-populated\">\n\t\t\t\t\t\t<div class=\"elementor-element elementor-element-aa15427 elementor-widget elementor-widget-heading\" data-id=\"aa15427\" data-element_type=\"widget\" data-e-type=\"widget\" data-widget_type=\"heading.default\">\n\t\t\t\t<div class=\"elementor-widget-container\">\n\t\t\t\t\t<h2 class=\"elementor-heading-title elementor-size-default\">Contact  <\/h2>\t\t\t\t<\/div>\n\t\t\t\t<\/div>\n\t\t\t\t\t<\/div>\n\t\t<\/div>\n\t\t\t\t\t<\/div>\n\t\t<\/section>\n\t\t\t\t<section class=\"elementor-section elementor-top-section elementor-element elementor-element-e835319 elementor-section-height-min-height elementor-section-items-top elementor-section-boxed elementor-section-height-default\" data-id=\"e835319\" data-element_type=\"section\" data-e-type=\"section\" data-settings=\"{&quot;background_background&quot;:&quot;classic&quot;}\">\n\t\t\t\t\t\t<div class=\"elementor-container elementor-column-gap-wider\">\n\t\t\t\t\t<div class=\"elementor-column elementor-col-100 elementor-top-column elementor-element elementor-element-bfae911\" data-id=\"bfae911\" data-element_type=\"column\" data-e-type=\"column\">\n\t\t\t<div class=\"elementor-widget-wrap elementor-element-populated\">\n\t\t\t\t\t\t<div class=\"elementor-element elementor-element-f1a21f4 elementor-widget elementor-widget-heading\" data-id=\"f1a21f4\" data-element_type=\"widget\" data-e-type=\"widget\" data-widget_type=\"heading.default\">\n\t\t\t\t<div class=\"elementor-widget-container\">\n\t\t\t\t\t<h2 class=\"elementor-heading-title elementor-size-default\">The Place of Grace<\/h2>\t\t\t\t<\/div>\n\t\t\t\t<\/div>\n\t\t\t\t<div class=\"elementor-element elementor-element-8efcc38 elementor-widget elementor-widget-text-editor\" data-id=\"8efcc38\" data-element_type=\"widget\" data-e-type=\"widget\" data-widget_type=\"text-editor.default\">\n\t\t\t\t<div class=\"elementor-widget-container\">\n\t\t\t\t\t\t\t\t\t<p style=\"text-align: center;\">Do you have any questions or would you like to make an appointment?<\/p><p style=\"text-align: center;\">Feel free to contact me as follows:<\/p><p style=\"text-align: center;\"><strong>Ines Kaiser<\/strong><\/p><p style=\"text-align: center;\">Tel. +33 (0) 6 47 45 16 85<br><a href=\"mailto:%20ines@ineskaiser-grace.fr\">ines@ineskaiser-grace.fr<\/a><\/p><p style=\"text-align: center;\">I speak German, English and French.<\/p>\t\t\t\t\t\t\t\t<\/div>\n\t\t\t\t<\/div>\n\t\t\t\t<div class=\"elementor-element elementor-element-ab89d5a elementor-widget elementor-widget-text-editor\" data-id=\"ab89d5a\" data-element_type=\"widget\" data-e-type=\"widget\" data-widget_type=\"text-editor.default\">\n\t\t\t\t<div class=\"elementor-widget-container\">\n\t\t\t\t\t\t\t\t\t<h6><strong>Address:<\/strong><\/h6><p><strong>The Place of Grace<\/strong><br>13, Chemin de Saint-Chaptes<br>30190 Moussac<br>France<\/p>\t\t\t\t\t\t\t\t<\/div>\n\t\t\t\t<\/div>\n\t\t\t\t<div class=\"elementor-element elementor-element-02ffd29 elementor-widget elementor-widget-html\" data-id=\"02ffd29\" data-element_type=\"widget\" data-e-type=\"widget\" data-widget_type=\"html.default\">\n\t\t\t\t<div class=\"elementor-widget-container\">\n\t\t\t\t\t<iframe src=\"https:\/\/www.google.com\/maps\/embed?pb=!1m14!1m8!1m3!1d11484.34348334186!2d4.2340719!3d43.9782737!3m2!1i1024!2i768!4f13.1!3m3!1m2!1s0x0%3A0x3f78c0c6adb8c723!2sThe%20Place%20of%20Grace!5e0!3m2!1sde!2sde!4v1661156905319!5m2!1sde!2sde\" width=\"600\" height=\"450\" style=\"border:0;\" allowfullscreen=\"\" loading=\"lazy\" referrerpolicy=\"no-referrer-when-downgrade\"><\/iframe>\t\t\t\t<\/div>\n\t\t\t\t<\/div>\n\t\t\t\t\t<\/div>\n\t\t<\/div>\n\t\t\t\t\t<\/div>\n\t\t<\/section>\n\t\t\t\t<section class=\"elementor-section elementor-top-section elementor-element elementor-element-df2d035 elementor-section-height-min-height elementor-section-content-middle elementor-section-boxed elementor-section-height-default elementor-section-items-middle\" data-id=\"df2d035\" data-element_type=\"section\" data-e-type=\"section\" data-settings=\"{&quot;background_background&quot;:&quot;classic&quot;}\">\n\t\t\t\t\t\t<div class=\"elementor-container elementor-column-gap-wider\">\n\t\t\t\t\t<div class=\"elementor-column elementor-col-50 elementor-top-column elementor-element elementor-element-9513a38\" data-id=\"9513a38\" data-element_type=\"column\" data-e-type=\"column\">\n\t\t\t<div class=\"elementor-widget-wrap elementor-element-populated\">\n\t\t\t\t\t\t<div class=\"elementor-element elementor-element-f9718ef elementor-widget elementor-widget-text-editor\" data-id=\"f9718ef\" data-element_type=\"widget\" data-e-type=\"widget\" data-widget_type=\"text-editor.default\">\n\t\t\t\t<div class=\"elementor-widget-container\">\n\t\t\t\t\t\t\t\t\t<p>Life is a matter of choices.\u00a0<\/p><p>Every choice you make makes you.\u00a0<\/p>\t\t\t\t\t\t\t\t<\/div>\n\t\t\t\t<\/div>\n\t\t\t\t<div class=\"elementor-element elementor-element-a99f006 elementor-widget elementor-widget-text-editor\" data-id=\"a99f006\" data-element_type=\"widget\" data-e-type=\"widget\" data-widget_type=\"text-editor.default\">\n\t\t\t\t<div class=\"elementor-widget-container\">\n\t\t\t\t\t\t\t\t\t<p>Caroline Myss<\/p>\t\t\t\t\t\t\t\t<\/div>\n\t\t\t\t<\/div>\n\t\t\t\t\t<\/div>\n\t\t<\/div>\n\t\t\t\t<div class=\"elementor-column elementor-col-50 elementor-top-column elementor-element elementor-element-51a4798\" data-id=\"51a4798\" data-element_type=\"column\" data-e-type=\"column\">\n\t\t\t<div class=\"elementor-widget-wrap elementor-element-populated\">\n\t\t\t\t\t\t<div class=\"elementor-element elementor-element-a840344 elementor-widget elementor-widget-image\" data-id=\"a840344\" data-element_type=\"widget\" data-e-type=\"widget\" data-widget_type=\"image.default\">\n\t\t\t\t<div class=\"elementor-widget-container\">\n\t\t\t\t\t\t\t\t\t\t\t\t\t\t\t<img fetchpriority=\"high\" decoding=\"async\" width=\"681\" height=\"1024\" src=\"https:\/\/ineskaiser-grace.fr\/wp-content\/uploads\/2022\/09\/DSC9448-681x1024.jpg\" class=\"attachment-large size-large wp-image-3735\" alt=\"\" srcset=\"https:\/\/ineskaiser-grace.fr\/wp-content\/uploads\/2022\/09\/DSC9448-681x1024.jpg 681w, https:\/\/ineskaiser-grace.fr\/wp-content\/uploads\/2022\/09\/DSC9448-200x300.jpg 200w, https:\/\/ineskaiser-grace.fr\/wp-content\/uploads\/2022\/09\/DSC9448-768x1154.jpg 768w, https:\/\/ineskaiser-grace.fr\/wp-content\/uploads\/2022\/09\/DSC9448-1022x1536.jpg 1022w, https:\/\/ineskaiser-grace.fr\/wp-content\/uploads\/2022\/09\/DSC9448-1362x2048.jpg 1362w, https:\/\/ineskaiser-grace.fr\/wp-content\/uploads\/2022\/09\/DSC9448-scaled.jpg 1703w\" sizes=\"(max-width: 681px) 100vw, 681px\" \/>\t\t\t\t\t\t\t\t\t\t\t\t\t\t\t<\/div>\n\t\t\t\t<\/div>\n\t\t\t\t\t<\/div>\n\t\t<\/div>\n\t\t\t\t\t<\/div>\n\t\t<\/section>\n\t\t\t\t<section class=\"elementor-section elementor-top-section elementor-element elementor-element-c3e936d elementor-section-height-min-height elementor-section-boxed elementor-section-height-default elementor-section-items-middle\" data-id=\"c3e936d\" data-element_type=\"section\" data-e-type=\"section\" data-settings=\"{&quot;background_background&quot;:&quot;classic&quot;,&quot;background_motion_fx_motion_fx_scrolling&quot;:&quot;yes&quot;,&quot;background_motion_fx_blur_effect&quot;:&quot;yes&quot;,&quot;background_motion_fx_blur_level&quot;:{&quot;unit&quot;:&quot;px&quot;,&quot;size&quot;:5,&quot;sizes&quot;:[]},&quot;background_motion_fx_translateY_effect&quot;:&quot;yes&quot;,&quot;background_motion_fx_translateY_speed&quot;:{&quot;unit&quot;:&quot;px&quot;,&quot;size&quot;:4,&quot;sizes&quot;:[]},&quot;background_motion_fx_translateY_affectedRange&quot;:{&quot;unit&quot;:&quot;%&quot;,&quot;size&quot;:&quot;&quot;,&quot;sizes&quot;:{&quot;start&quot;:0,&quot;end&quot;:100}},&quot;background_motion_fx_blur_direction&quot;:&quot;out-in&quot;,&quot;background_motion_fx_blur_range&quot;:{&quot;unit&quot;:&quot;%&quot;,&quot;size&quot;:&quot;&quot;,&quot;sizes&quot;:{&quot;start&quot;:20,&quot;end&quot;:80}},&quot;background_motion_fx_devices&quot;:[&quot;desktop&quot;,&quot;tablet&quot;,&quot;mobile&quot;]}\">\n\t\t\t\t\t\t\t<div class=\"elementor-background-overlay\"><\/div>\n\t\t\t\t\t\t\t<div class=\"elementor-container elementor-column-gap-wider\">\n\t\t\t\t\t<div class=\"elementor-column elementor-col-100 elementor-top-column elementor-element elementor-element-3a91189f\" data-id=\"3a91189f\" data-element_type=\"column\" data-e-type=\"column\">\n\t\t\t<div class=\"elementor-widget-wrap elementor-element-populated\">\n\t\t\t\t\t\t<div class=\"elementor-element elementor-element-30e79636 elementor-widget elementor-widget-heading\" data-id=\"30e79636\" data-element_type=\"widget\" data-e-type=\"widget\" data-widget_type=\"heading.default\">\n\t\t\t\t<div class=\"elementor-widget-container\">\n\t\t\t\t\t<h2 class=\"elementor-heading-title elementor-size-default\">Good to know ...<\/h2>\t\t\t\t<\/div>\n\t\t\t\t<\/div>\n\t\t\t\t<div class=\"elementor-element elementor-element-292dd9c5 elementor-widget elementor-widget-toggle\" data-id=\"292dd9c5\" data-element_type=\"widget\" data-e-type=\"widget\" data-widget_type=\"toggle.default\">\n\t\t\t\t<div class=\"elementor-widget-container\">\n\t\t\t\t\t\t\t<div class=\"elementor-toggle\">\n\t\t\t\t\t\t\t<div class=\"elementor-toggle-item\">\n\t\t\t\t\t<div id=\"elementor-tab-title-6901\" class=\"elementor-tab-title\" data-tab=\"1\" role=\"button\" aria-controls=\"elementor-tab-content-6901\" aria-expanded=\"false\">\n\t\t\t\t\t\t\t\t\t\t\t\t<span class=\"elementor-toggle-icon elementor-toggle-icon-left\" aria-hidden=\"true\">\n\t\t\t\t\t\t\t\t\t\t\t\t\t\t\t<span class=\"elementor-toggle-icon-closed\"><i class=\"fas fa-caret-right\"><\/i><\/span>\n\t\t\t\t\t\t\t\t<span class=\"elementor-toggle-icon-opened\"><i class=\"elementor-toggle-icon-opened fas fa-caret-up\"><\/i><\/span>\n\t\t\t\t\t\t\t\t\t\t\t\t\t<\/span>\n\t\t\t\t\t\t\t\t\t\t\t\t<a class=\"elementor-toggle-title\" tabindex=\"0\">How do I get to the Place of Grace?<\/a>\n\t\t\t\t\t<\/div>\n\n\t\t\t\t\t<div id=\"elementor-tab-content-6901\" class=\"elementor-tab-content elementor-clearfix\" data-tab=\"1\" role=\"region\" aria-labelledby=\"elementor-tab-title-6901\"><p><strong>By car:<\/strong><\/p><p class=\"p1\">The farm is located 15 km from Uz\u00e8s, between N\u00eemes and Ales, 20 minutes from the A9 highway.<\/p><p><strong>By train:<\/strong><\/p><p class=\"p1\">There is a TGV station in N\u00eemes Centre. From there you can get a train to Saint Genies de Malgoir\u00e8s or Nozi\u00e8res-Brignon. We can pick you up there.<span class=\"Apple-converted-space\">\u00a0<\/span><\/p><p class=\"p1\"><strong>By airplane:<\/strong><\/p><p class=\"p1\">Airports near us:<span class=\"Apple-converted-space\">\u00a0<\/span><\/p><ul><li class=\"p1\">Marseille &#8211; about 130 km away<\/li><li class=\"p1\">Montpellier &#8211; about 70 km away<\/li><li class=\"p1\">N\u00eemes Garons &#8211; about 40 km away<\/li><\/ul><p class=\"p1\">From all airports there are train connections to N\u00eemes Centre. There you can take a train to Saint Genies de Malgoires or Nozi\u00e8res-Brignon. We can pick you up there.\u00a0<\/p><p class=\"p1\">\u00a0<\/p><\/div>\n\t\t\t\t<\/div>\n\t\t\t\t\t\t\t<div class=\"elementor-toggle-item\">\n\t\t\t\t\t<div id=\"elementor-tab-title-6902\" class=\"elementor-tab-title\" data-tab=\"2\" role=\"button\" aria-controls=\"elementor-tab-content-6902\" aria-expanded=\"false\">\n\t\t\t\t\t\t\t\t\t\t\t\t<span class=\"elementor-toggle-icon elementor-toggle-icon-left\" aria-hidden=\"true\">\n\t\t\t\t\t\t\t\t\t\t\t\t\t\t\t<span class=\"elementor-toggle-icon-closed\"><i class=\"fas fa-caret-right\"><\/i><\/span>\n\t\t\t\t\t\t\t\t<span class=\"elementor-toggle-icon-opened\"><i class=\"elementor-toggle-icon-opened fas fa-caret-up\"><\/i><\/span>\n\t\t\t\t\t\t\t\t\t\t\t\t\t<\/span>\n\t\t\t\t\t\t\t\t\t\t\t\t<a class=\"elementor-toggle-title\" tabindex=\"0\">Accommodation<\/a>\n\t\t\t\t\t<\/div>\n\n\t\t\t\t\t<div id=\"elementor-tab-content-6902\" class=\"elementor-tab-content elementor-clearfix\" data-tab=\"2\" role=\"region\" aria-labelledby=\"elementor-tab-title-6902\"><p class=\"p1\"><b>Accommodation on site<\/b><\/p><p class=\"p1\"><strong>Studio apartment with kitchen and bathroom &#8211;\u00a0<\/strong><strong style=\"color: var( --e-global-color-a538b7b ); font-family: var( --e-global-typography-3af547c-font-family ), Sans-serif; font-size: var( --e-global-typography-3af547c-font-size ); letter-spacing: var( --e-global-typography-3af547c-letter-spacing ); word-spacing: var( --e-global-typography-3af547c-word-spacing );\">for 1 &#8211; 2 persons<\/strong><\/p><p class=\"p1\"><strong>Mobilehome with kitchen and bathroom. <\/strong><br \/>for 1 &#8211; 2 persons<span class=\"Apple-converted-space\">\u00a0<\/span><\/p><p class=\"p1\"><strong>Bedroom near riding arena<\/strong><br \/>for 1 &#8211; 2 persons\u00a0<\/p><p class=\"p1\">All facilities have a fire place. There is an outdoor kitchen with refrigerator, as well as a bathroom and a compost toilet that can be used.<\/p><p class=\"p1\">You are also welcome to come with your own <strong>camper or tent<\/strong>.<\/p><p class=\"p1\">There is a swimming pool which is available during the summer months.<\/p><p class=\"p1\">For participants of group courses there is not always enough accommodation on site. However, there are many nice and affordable accommodations in the area that can be found through the AirBNB website.<\/p><\/div>\n\t\t\t\t<\/div>\n\t\t\t\t\t\t\t<div class=\"elementor-toggle-item\">\n\t\t\t\t\t<div id=\"elementor-tab-title-6903\" class=\"elementor-tab-title\" data-tab=\"3\" role=\"button\" aria-controls=\"elementor-tab-content-6903\" aria-expanded=\"false\">\n\t\t\t\t\t\t\t\t\t\t\t\t<span class=\"elementor-toggle-icon elementor-toggle-icon-left\" aria-hidden=\"true\">\n\t\t\t\t\t\t\t\t\t\t\t\t\t\t\t<span class=\"elementor-toggle-icon-closed\"><i class=\"fas fa-caret-right\"><\/i><\/span>\n\t\t\t\t\t\t\t\t<span class=\"elementor-toggle-icon-opened\"><i class=\"elementor-toggle-icon-opened fas fa-caret-up\"><\/i><\/span>\n\t\t\t\t\t\t\t\t\t\t\t\t\t<\/span>\n\t\t\t\t\t\t\t\t\t\t\t\t<a class=\"elementor-toggle-title\" tabindex=\"0\">Infrastructure on site<\/a>\n\t\t\t\t\t<\/div>\n\n\t\t\t\t\t<div id=\"elementor-tab-content-6903\" class=\"elementor-tab-content elementor-clearfix\" data-tab=\"3\" role=\"region\" aria-labelledby=\"elementor-tab-title-6903\"><p class=\"p1\">In Moussac: bakery and post office are 10 minutes away by bike (you can borrow one of our bikes).<\/p><p class=\"p1\">Supermarkets are about 10 minutes away by car.<\/p><\/div>\n\t\t\t\t<\/div>\n\t\t\t\t\t\t\t<div class=\"elementor-toggle-item\">\n\t\t\t\t\t<div id=\"elementor-tab-title-6904\" class=\"elementor-tab-title\" data-tab=\"4\" role=\"button\" aria-controls=\"elementor-tab-content-6904\" aria-expanded=\"false\">\n\t\t\t\t\t\t\t\t\t\t\t\t<span class=\"elementor-toggle-icon elementor-toggle-icon-left\" aria-hidden=\"true\">\n\t\t\t\t\t\t\t\t\t\t\t\t\t\t\t<span class=\"elementor-toggle-icon-closed\"><i class=\"fas fa-caret-right\"><\/i><\/span>\n\t\t\t\t\t\t\t\t<span class=\"elementor-toggle-icon-opened\"><i class=\"elementor-toggle-icon-opened fas fa-caret-up\"><\/i><\/span>\n\t\t\t\t\t\t\t\t\t\t\t\t\t<\/span>\n\t\t\t\t\t\t\t\t\t\t\t\t<a class=\"elementor-toggle-title\" tabindex=\"0\">Sightseeing<\/a>\n\t\t\t\t\t<\/div>\n\n\t\t\t\t\t<div id=\"elementor-tab-content-6904\" class=\"elementor-tab-content elementor-clearfix\" data-tab=\"4\" role=\"region\" aria-labelledby=\"elementor-tab-title-6904\"><p class=\"p1\"><span style=\"color: var( --e-global-color-a538b7b ); font-family: var( --e-global-typography-3af547c-font-family ), Sans-serif; font-size: var( --e-global-typography-3af547c-font-size ); letter-spacing: var( --e-global-typography-3af547c-letter-spacing ); word-spacing: var( --e-global-typography-3af547c-word-spacing ); background-color: var( --e-global-color-a538b7b );\">Worth seeing cities\/villages<\/span><\/p>\n<div class=\"\">Worth seeing cities\/villages<\/div>\n<div class=\"\">&nbsp;<\/div>\n<div class=\"\">&#8211; Uz\u00e8s<\/div>\n<div class=\"\">&#8211; N\u00eemes<\/div>\n<div class=\"\">&#8211; Vezenobres<\/div>\n<div class=\"\">&#8211; Sommi\u00e8res<br>&#8211; Anduze<br>&#8211; Saint Jean du Gard<\/div>\n<p><\/p>\n<p>Places of interest:<\/p>\n<div class=\"\">&#8211; Pont du Gard<\/div>\n<div class=\"\">&#8211; Bambouserai (bamboo garden near Anduze)<\/div>\n<div class=\"\">&#8211; La Grotte de Trabuc &#8211; in the Cevennes<\/div>\n<div class=\"\">&nbsp;<\/div>\n<div class=\"\">Nature places:<\/div>\n<div class=\"\">&#8211; Excursion: Le Castellas in Russan &#8211; Sainte Anastasie<\/div>\n<div class=\"\">&#8211; Hike: La Baume de Sainte Vered\u00e8me, Sanilhac<\/div>\n<div class=\"\">&#8211; Hike: Corb\u00e8s &#8211; la Grotte de Vallaurie<br>&#8211; Bathing at the Gardon in the Cevennes: Vall\u00e9e de Mialet, Pont des Abarines<br>&#8211; Vall\u00e9e Fran\u00e7aise in the Cevennes: for excursions and hikes<\/div>\n<div class=\"\">&nbsp;<\/div>\n<div class=\"\">By the sea:<\/div>\n<div class=\"\">&#8211; S\u00e8te &#8211; very beautiful city with beach<\/div>\n<div class=\"\">&#8211; Saintes Marie de la Mer &#8211; Camargue<\/div>\n<div class=\"\">&#8211; Le Grau du Roi &#8211; Beaches (L&#8217;espiguette)<\/div>\n<div class=\"\">&#8211; Beaches near Montpellier: Carnon Plage &amp; Palavas les Flots<\/div><\/div>\n\t\t\t\t<\/div>\n\t\t\t\t\t\t\t\t<\/div>\n\t\t\t\t\t\t<\/div>\n\t\t\t\t<\/div>\n\t\t\t\t\t<\/div>\n\t\t<\/div>\n\t\t\t\t\t<\/div>\n\t\t<\/section>\n\t\t\t\t<section class=\"elementor-section elementor-top-section elementor-element elementor-element-ad7504d elementor-section-height-min-height elementor-section-items-top elementor-section-boxed elementor-section-height-default\" data-id=\"ad7504d\" data-element_type=\"section\" data-e-type=\"section\" data-settings=\"{&quot;background_background&quot;:&quot;classic&quot;}\">\n\t\t\t\t\t\t<div class=\"elementor-container elementor-column-gap-default\">\n\t\t\t\t\t<div class=\"elementor-column elementor-col-100 elementor-top-column elementor-element elementor-element-3a2ac1c\" data-id=\"3a2ac1c\" data-element_type=\"column\" data-e-type=\"column\" data-settings=\"{&quot;motion_fx_motion_fx_scrolling&quot;:&quot;yes&quot;,&quot;motion_fx_translateY_effect&quot;:&quot;yes&quot;,&quot;motion_fx_translateY_speed&quot;:{&quot;unit&quot;:&quot;px&quot;,&quot;size&quot;:1,&quot;sizes&quot;:[]},&quot;motion_fx_translateY_affectedRange&quot;:{&quot;unit&quot;:&quot;%&quot;,&quot;size&quot;:&quot;&quot;,&quot;sizes&quot;:{&quot;start&quot;:0,&quot;end&quot;:100}},&quot;motion_fx_devices&quot;:[&quot;desktop&quot;,&quot;tablet&quot;,&quot;mobile&quot;]}\">\n\t\t\t<div class=\"elementor-widget-wrap elementor-element-populated\">\n\t\t\t\t\t\t<div class=\"elementor-element elementor-element-27fe58c elementor-widget elementor-widget-text-editor\" data-id=\"27fe58c\" data-element_type=\"widget\" data-e-type=\"widget\" data-widget_type=\"text-editor.default\">\n\t\t\t\t<div class=\"elementor-widget-container\">\n\t\t\t\t\t\t\t\t\t<h4 class=\"p1\"><span class=\"s1\">The crisis and the miracle are very close to each other.<\/span><\/h4>\t\t\t\t\t\t\t\t<\/div>\n\t\t\t\t<\/div>\n\t\t\t\t<div class=\"elementor-element elementor-element-d012ead elementor-widget elementor-widget-heading\" data-id=\"d012ead\" data-element_type=\"widget\" data-e-type=\"widget\" data-widget_type=\"heading.default\">\n\t\t\t\t<div class=\"elementor-widget-container\">\n\t\t\t\t\t<h2 class=\"elementor-heading-title elementor-size-default\">Thomas Huebl<\/h2>\t\t\t\t<\/div>\n\t\t\t\t<\/div>\n\t\t\t\t\t<\/div>\n\t\t<\/div>\n\t\t\t\t\t<\/div>\n\t\t<\/section>\n\t\t\t\t<\/div>\n\t\t","protected":false},"excerpt":{"rendered":"<p>Contact The Place of Grace Do you have any questions or would you like to make an appointment? Feel free to contact me as follows: Ines Kaiser Tel. +33 (0) 6 47 45 16 85ines@ineskaiser-grace.fr I speak German, English and French. Address: The Place of Grace13, Chemin de Saint-Chaptes30190 MoussacFrance Life is a matter of [&hellip;]<\/p>\n","protected":false},"author":1,"featured_media":0,"parent":0,"menu_order":0,"comment_status":"closed","ping_status":"closed","template":"elementor_header_footer","meta":{"footnotes":""},"class_list":["post-2510","page","type-page","status-publish","hentry"],"aioseo_notices":[],"_links":{"self":[{"href":"https:\/\/ineskaiser-grace.fr\/en\/wp-json\/wp\/v2\/pages\/2510","targetHints":{"allow":["GET"]}}],"collection":[{"href":"https:\/\/ineskaiser-grace.fr\/en\/wp-json\/wp\/v2\/pages"}],"about":[{"href":"https:\/\/ineskaiser-grace.fr\/en\/wp-json\/wp\/v2\/types\/page"}],"author":[{"embeddable":true,"href":"https:\/\/ineskaiser-grace.fr\/en\/wp-json\/wp\/v2\/users\/1"}],"replies":[{"embeddable":true,"href":"https:\/\/ineskaiser-grace.fr\/en\/wp-json\/wp\/v2\/comments?post=2510"}],"version-history":[{"count":0,"href":"https:\/\/ineskaiser-grace.fr\/en\/wp-json\/wp\/v2\/pages\/2510\/revisions"}],"wp:attachment":[{"href":"https:\/\/ineskaiser-grace.fr\/en\/wp-json\/wp\/v2\/media?parent=2510"}],"curies":[{"name":"wp","href":"https:\/\/api.w.org\/{rel}","templated":true}]}}