{"id":2514,"date":"2022-08-05T15:39:31","date_gmt":"2022-08-05T13:39:31","guid":{"rendered":"https:\/\/ineskaiser-grace.fr\/contact\/"},"modified":"2022-09-28T19:02:08","modified_gmt":"2022-09-28T17:02:08","slug":"contact","status":"publish","type":"page","link":"https:\/\/ineskaiser-grace.fr\/fr\/contact\/","title":{"rendered":"Contact"},"content":{"rendered":"\t\t<div data-elementor-type=\"wp-post\" data-elementor-id=\"2514\" class=\"elementor elementor-2514 elementor-1173\">\n\t\t\t\t\t\t<section class=\"elementor-section elementor-top-section elementor-element elementor-element-4ba03f92 elementor-section-height-min-height elementor-section-items-bottom elementor-section-boxed elementor-section-height-default\" data-id=\"4ba03f92\" data-element_type=\"section\" data-e-type=\"section\" data-settings=\"{&quot;background_background&quot;:&quot;classic&quot;}\">\n\t\t\t\t\t\t\t<div class=\"elementor-background-overlay\"><\/div>\n\t\t\t\t\t\t\t<div class=\"elementor-container elementor-column-gap-default\">\n\t\t\t\t\t<div class=\"elementor-column elementor-col-100 elementor-top-column elementor-element elementor-element-4a14d9ff\" data-id=\"4a14d9ff\" data-element_type=\"column\" data-e-type=\"column\">\n\t\t\t<div class=\"elementor-widget-wrap elementor-element-populated\">\n\t\t\t\t\t\t<div class=\"elementor-element elementor-element-aa15427 elementor-widget elementor-widget-heading\" data-id=\"aa15427\" data-element_type=\"widget\" data-e-type=\"widget\" data-widget_type=\"heading.default\">\n\t\t\t\t<div class=\"elementor-widget-container\">\n\t\t\t\t\t<h2 class=\"elementor-heading-title elementor-size-default\">Contact <\/h2>\t\t\t\t<\/div>\n\t\t\t\t<\/div>\n\t\t\t\t\t<\/div>\n\t\t<\/div>\n\t\t\t\t\t<\/div>\n\t\t<\/section>\n\t\t\t\t<section class=\"elementor-section elementor-top-section elementor-element elementor-element-e835319 elementor-section-height-min-height elementor-section-items-top elementor-section-boxed elementor-section-height-default\" data-id=\"e835319\" data-element_type=\"section\" data-e-type=\"section\" data-settings=\"{&quot;background_background&quot;:&quot;classic&quot;}\">\n\t\t\t\t\t\t<div class=\"elementor-container elementor-column-gap-wider\">\n\t\t\t\t\t<div class=\"elementor-column elementor-col-100 elementor-top-column elementor-element elementor-element-bfae911\" data-id=\"bfae911\" data-element_type=\"column\" data-e-type=\"column\">\n\t\t\t<div class=\"elementor-widget-wrap elementor-element-populated\">\n\t\t\t\t\t\t<div class=\"elementor-element elementor-element-f1a21f4 elementor-widget elementor-widget-heading\" data-id=\"f1a21f4\" data-element_type=\"widget\" data-e-type=\"widget\" data-widget_type=\"heading.default\">\n\t\t\t\t<div class=\"elementor-widget-container\">\n\t\t\t\t\t<h2 class=\"elementor-heading-title elementor-size-default\">The Place of Grace<\/h2>\t\t\t\t<\/div>\n\t\t\t\t<\/div>\n\t\t\t\t<div class=\"elementor-element elementor-element-8efcc38 elementor-widget elementor-widget-text-editor\" data-id=\"8efcc38\" data-element_type=\"widget\" data-e-type=\"widget\" data-widget_type=\"text-editor.default\">\n\t\t\t\t<div class=\"elementor-widget-container\">\n\t\t\t\t\t\t\t\t\t<p style=\"text-align: center;\">Avez vous des questions ou souhaitez vous prendre rendez-vous ?<\/p><p style=\"text-align: center;\">N&rsquo;h\u00e9sitez pas \u00e0 me contacter comme suit :<\/p><p style=\"text-align: center;\"><strong>Ines Kaiser<\/strong><\/p><p style=\"text-align: center;\">T\u00e9l. +33 (0) 6 47 45 16 85<br \/><a href=\"mailto:%20ines@ineskaiser-grace.fr\">ines@ineskaiser-grace.fr<\/a><\/p><p style=\"text-align: center;\">Je parle allemand, anglais et fran\u00e7ais.<\/p>\t\t\t\t\t\t\t\t<\/div>\n\t\t\t\t<\/div>\n\t\t\t\t<div class=\"elementor-element elementor-element-ab89d5a elementor-widget elementor-widget-text-editor\" data-id=\"ab89d5a\" data-element_type=\"widget\" data-e-type=\"widget\" data-widget_type=\"text-editor.default\">\n\t\t\t\t<div class=\"elementor-widget-container\">\n\t\t\t\t\t\t\t\t\t<h6><strong>Adresse :<\/strong><\/h6><p><strong>The Place of Grace<\/strong><br>13, Chemin de Saint-Chaptes<br>30190 Moussac<br>France<\/p>\t\t\t\t\t\t\t\t<\/div>\n\t\t\t\t<\/div>\n\t\t\t\t<div class=\"elementor-element elementor-element-02ffd29 elementor-widget elementor-widget-html\" data-id=\"02ffd29\" data-element_type=\"widget\" data-e-type=\"widget\" data-widget_type=\"html.default\">\n\t\t\t\t<div class=\"elementor-widget-container\">\n\t\t\t\t\t<iframe src=\"https:\/\/www.google.com\/maps\/embed?pb=!1m14!1m8!1m3!1d11484.34348334186!2d4.2340719!3d43.9782737!3m2!1i1024!2i768!4f13.1!3m3!1m2!1s0x0%3A0x3f78c0c6adb8c723!2sThe%20Place%20of%20Grace!5e0!3m2!1sde!2sde!4v1661156905319!5m2!1sde!2sde\" width=\"600\" height=\"450\" style=\"border:0;\" allowfullscreen=\"\" loading=\"lazy\" referrerpolicy=\"no-referrer-when-downgrade\"><\/iframe>\t\t\t\t<\/div>\n\t\t\t\t<\/div>\n\t\t\t\t\t<\/div>\n\t\t<\/div>\n\t\t\t\t\t<\/div>\n\t\t<\/section>\n\t\t\t\t<section class=\"elementor-section elementor-top-section elementor-element elementor-element-df2d035 elementor-section-height-min-height elementor-section-content-middle elementor-section-boxed elementor-section-height-default elementor-section-items-middle\" data-id=\"df2d035\" data-element_type=\"section\" data-e-type=\"section\" data-settings=\"{&quot;background_background&quot;:&quot;classic&quot;}\">\n\t\t\t\t\t\t<div class=\"elementor-container elementor-column-gap-wider\">\n\t\t\t\t\t<div class=\"elementor-column elementor-col-50 elementor-top-column elementor-element elementor-element-9513a38\" data-id=\"9513a38\" data-element_type=\"column\" data-e-type=\"column\">\n\t\t\t<div class=\"elementor-widget-wrap elementor-element-populated\">\n\t\t\t\t\t\t<div class=\"elementor-element elementor-element-f9718ef elementor-widget elementor-widget-text-editor\" data-id=\"f9718ef\" data-element_type=\"widget\" data-e-type=\"widget\" data-widget_type=\"text-editor.default\">\n\t\t\t\t<div class=\"elementor-widget-container\">\n\t\t\t\t\t\t\t\t\t<p>La vie est une question de choix.\u00a0<\/p><p>Chaque choix que vous faites cr\u00e9e ce que vous vivez.\u00a0<\/p>\t\t\t\t\t\t\t\t<\/div>\n\t\t\t\t<\/div>\n\t\t\t\t<div class=\"elementor-element elementor-element-a99f006 elementor-widget elementor-widget-text-editor\" data-id=\"a99f006\" data-element_type=\"widget\" data-e-type=\"widget\" data-widget_type=\"text-editor.default\">\n\t\t\t\t<div class=\"elementor-widget-container\">\n\t\t\t\t\t\t\t\t\t<p>Caroline Myss<\/p>\t\t\t\t\t\t\t\t<\/div>\n\t\t\t\t<\/div>\n\t\t\t\t\t<\/div>\n\t\t<\/div>\n\t\t\t\t<div class=\"elementor-column elementor-col-50 elementor-top-column elementor-element elementor-element-51a4798\" data-id=\"51a4798\" data-element_type=\"column\" data-e-type=\"column\">\n\t\t\t<div class=\"elementor-widget-wrap elementor-element-populated\">\n\t\t\t\t\t\t<div class=\"elementor-element elementor-element-a840344 elementor-widget elementor-widget-image\" data-id=\"a840344\" data-element_type=\"widget\" data-e-type=\"widget\" data-widget_type=\"image.default\">\n\t\t\t\t<div class=\"elementor-widget-container\">\n\t\t\t\t\t\t\t\t\t\t\t\t\t\t\t<img fetchpriority=\"high\" decoding=\"async\" width=\"681\" height=\"1024\" src=\"https:\/\/ineskaiser-grace.fr\/wp-content\/uploads\/2022\/09\/DSC9448-681x1024.jpg\" class=\"attachment-large size-large wp-image-3736\" alt=\"\" srcset=\"https:\/\/ineskaiser-grace.fr\/wp-content\/uploads\/2022\/09\/DSC9448-681x1024.jpg 681w, https:\/\/ineskaiser-grace.fr\/wp-content\/uploads\/2022\/09\/DSC9448-200x300.jpg 200w, https:\/\/ineskaiser-grace.fr\/wp-content\/uploads\/2022\/09\/DSC9448-768x1154.jpg 768w, https:\/\/ineskaiser-grace.fr\/wp-content\/uploads\/2022\/09\/DSC9448-1022x1536.jpg 1022w, https:\/\/ineskaiser-grace.fr\/wp-content\/uploads\/2022\/09\/DSC9448-1362x2048.jpg 1362w, https:\/\/ineskaiser-grace.fr\/wp-content\/uploads\/2022\/09\/DSC9448-scaled.jpg 1703w\" sizes=\"(max-width: 681px) 100vw, 681px\" \/>\t\t\t\t\t\t\t\t\t\t\t\t\t\t\t<\/div>\n\t\t\t\t<\/div>\n\t\t\t\t\t<\/div>\n\t\t<\/div>\n\t\t\t\t\t<\/div>\n\t\t<\/section>\n\t\t\t\t<section class=\"elementor-section elementor-top-section elementor-element elementor-element-c3e936d elementor-section-height-min-height elementor-section-boxed elementor-section-height-default elementor-section-items-middle\" data-id=\"c3e936d\" data-element_type=\"section\" data-e-type=\"section\" data-settings=\"{&quot;background_background&quot;:&quot;classic&quot;,&quot;background_motion_fx_motion_fx_scrolling&quot;:&quot;yes&quot;,&quot;background_motion_fx_blur_effect&quot;:&quot;yes&quot;,&quot;background_motion_fx_blur_level&quot;:{&quot;unit&quot;:&quot;px&quot;,&quot;size&quot;:5,&quot;sizes&quot;:[]},&quot;background_motion_fx_translateY_effect&quot;:&quot;yes&quot;,&quot;background_motion_fx_translateY_speed&quot;:{&quot;unit&quot;:&quot;px&quot;,&quot;size&quot;:4,&quot;sizes&quot;:[]},&quot;background_motion_fx_translateY_affectedRange&quot;:{&quot;unit&quot;:&quot;%&quot;,&quot;size&quot;:&quot;&quot;,&quot;sizes&quot;:{&quot;start&quot;:0,&quot;end&quot;:100}},&quot;background_motion_fx_blur_direction&quot;:&quot;out-in&quot;,&quot;background_motion_fx_blur_range&quot;:{&quot;unit&quot;:&quot;%&quot;,&quot;size&quot;:&quot;&quot;,&quot;sizes&quot;:{&quot;start&quot;:20,&quot;end&quot;:80}},&quot;background_motion_fx_devices&quot;:[&quot;desktop&quot;,&quot;tablet&quot;,&quot;mobile&quot;]}\">\n\t\t\t\t\t\t\t<div class=\"elementor-background-overlay\"><\/div>\n\t\t\t\t\t\t\t<div class=\"elementor-container elementor-column-gap-wider\">\n\t\t\t\t\t<div class=\"elementor-column elementor-col-100 elementor-top-column elementor-element elementor-element-3a91189f\" data-id=\"3a91189f\" data-element_type=\"column\" data-e-type=\"column\">\n\t\t\t<div class=\"elementor-widget-wrap elementor-element-populated\">\n\t\t\t\t\t\t<div class=\"elementor-element elementor-element-30e79636 elementor-widget elementor-widget-heading\" data-id=\"30e79636\" data-element_type=\"widget\" data-e-type=\"widget\" data-widget_type=\"heading.default\">\n\t\t\t\t<div class=\"elementor-widget-container\">\n\t\t\t\t\t<h2 class=\"elementor-heading-title elementor-size-default\">Bon \u00e0 savoir ...<\/h2>\t\t\t\t<\/div>\n\t\t\t\t<\/div>\n\t\t\t\t<div class=\"elementor-element elementor-element-292dd9c5 elementor-widget elementor-widget-toggle\" data-id=\"292dd9c5\" data-element_type=\"widget\" data-e-type=\"widget\" data-widget_type=\"toggle.default\">\n\t\t\t\t<div class=\"elementor-widget-container\">\n\t\t\t\t\t\t\t<div class=\"elementor-toggle\">\n\t\t\t\t\t\t\t<div class=\"elementor-toggle-item\">\n\t\t\t\t\t<div id=\"elementor-tab-title-6901\" class=\"elementor-tab-title\" data-tab=\"1\" role=\"button\" aria-controls=\"elementor-tab-content-6901\" aria-expanded=\"false\">\n\t\t\t\t\t\t\t\t\t\t\t\t<span class=\"elementor-toggle-icon elementor-toggle-icon-left\" aria-hidden=\"true\">\n\t\t\t\t\t\t\t\t\t\t\t\t\t\t\t<span class=\"elementor-toggle-icon-closed\"><i class=\"fas fa-caret-right\"><\/i><\/span>\n\t\t\t\t\t\t\t\t<span class=\"elementor-toggle-icon-opened\"><i class=\"elementor-toggle-icon-opened fas fa-caret-up\"><\/i><\/span>\n\t\t\t\t\t\t\t\t\t\t\t\t\t<\/span>\n\t\t\t\t\t\t\t\t\t\t\t\t<a class=\"elementor-toggle-title\" tabindex=\"0\">Comment se rendre \u00e0 The Place of Grace ?<\/a>\n\t\t\t\t\t<\/div>\n\n\t\t\t\t\t<div id=\"elementor-tab-content-6901\" class=\"elementor-tab-content elementor-clearfix\" data-tab=\"1\" role=\"region\" aria-labelledby=\"elementor-tab-title-6901\"><p><strong>En voiture :<\/strong><\/p><p class=\"p1\">La ferme est situ\u00e9e \u00e0 15 km d&rsquo;Uz\u00e8s, entre N\u00eemes et Ales, et \u00e0 20 minutes de l&rsquo;autoroute A9.<\/p><p><strong>Par le train :<\/strong><\/p><p class=\"p1\">Il y a une gare TGV \u00e0 N\u00eemes Centre. De l\u00e0, il y a des trains pour Saint Genies de Malgoires ou Nozi\u00e8res-Brignon. Nous serons heureux de venir vous y chercher.<span class=\"Apple-converted-space\">\u00a0<\/span><\/p><p class=\"p1\"><strong>En avion :<\/strong><\/p><p class=\"p1\">A\u00e9roports proches de chez nous :<span class=\"Apple-converted-space\">\u00a0<\/span><\/p><ul><li class=\"p1\">Marseille &#8211; \u00e0 environ 130 km<\/li><li class=\"p1\">Montpellier &#8211; \u00e0 environ 70 km<\/li><li class=\"p1\">N\u00eemes Garons &#8211; \u00e0 environ 40 km<\/li><\/ul><p class=\"p1\">Des trains relient tous les a\u00e9roports \u00e0 N\u00eemes Centre. De l\u00e0, il y a des trains pour Saint Genies de Malgoires ou Nozi\u00e8res-Brignon. De l\u00e0, nous viendrons vous chercher.<\/p><p class=\"p1\">\u00a0<\/p><\/div>\n\t\t\t\t<\/div>\n\t\t\t\t\t\t\t<div class=\"elementor-toggle-item\">\n\t\t\t\t\t<div id=\"elementor-tab-title-6902\" class=\"elementor-tab-title\" data-tab=\"2\" role=\"button\" aria-controls=\"elementor-tab-content-6902\" aria-expanded=\"false\">\n\t\t\t\t\t\t\t\t\t\t\t\t<span class=\"elementor-toggle-icon elementor-toggle-icon-left\" aria-hidden=\"true\">\n\t\t\t\t\t\t\t\t\t\t\t\t\t\t\t<span class=\"elementor-toggle-icon-closed\"><i class=\"fas fa-caret-right\"><\/i><\/span>\n\t\t\t\t\t\t\t\t<span class=\"elementor-toggle-icon-opened\"><i class=\"elementor-toggle-icon-opened fas fa-caret-up\"><\/i><\/span>\n\t\t\t\t\t\t\t\t\t\t\t\t\t<\/span>\n\t\t\t\t\t\t\t\t\t\t\t\t<a class=\"elementor-toggle-title\" tabindex=\"0\">Possibilit\u00e9s d'h\u00e9bergement<\/a>\n\t\t\t\t\t<\/div>\n\n\t\t\t\t\t<div id=\"elementor-tab-content-6902\" class=\"elementor-tab-content elementor-clearfix\" data-tab=\"2\" role=\"region\" aria-labelledby=\"elementor-tab-title-6902\"><p class=\"p1\"><b>Sur place :<\/b><\/p><p class=\"p1\"><strong>Studio appartement avec cuisine et salle de bain &#8211;\u00a0<\/strong><strong style=\"color: var( --e-global-color-a538b7b ); font-family: var( --e-global-typography-3af547c-font-family ), Sans-serif; font-size: var( --e-global-typography-3af547c-font-size ); letter-spacing: var( --e-global-typography-3af547c-letter-spacing ); word-spacing: var( --e-global-typography-3af547c-word-spacing );\">pour 1 \u00e0 2 personnes<\/strong><\/p><p class=\"p1\"><strong>Mobilhome avec cuisine et salle de bain\u00a0<\/strong><br \/>pour 1 \u00e0 2 personnes<span class=\"Apple-converted-space\">\u00a0<\/span><\/p><p class=\"p1\"><strong>Chambre pr\u00e9s du man\u00e8ge<\/strong><br \/>pour 1 \u00e0 2 personnes\u00a0<\/p><div><span lang=\"FR\">Les diff\u00e9rentes offres d\u2019h\u00e9bergement <\/span> peuvent \u00eatre chauff\u00e9es avec un po\u00eale \u00e0 bois. Il y a une cuisine ext\u00e9rieure avec un r\u00e9frig\u00e9rateur, ainsi qu&rsquo;une salle de bain et des toilettes s\u00e8ches qui peuvent \u00eatre utilis\u00e9es.<\/div><p class=\"p1\">Vous pouvez aussi venir avec votre propre <strong>camping-car ou votre tente<\/strong>.<\/p><p class=\"p1\">Il y a une piscine qui est disponible pendant les mois d&rsquo;\u00e9t\u00e9.<\/p><p class=\"p1\">Pour les participants aux ateliers de groupe, il n&rsquo;y a pas toujours suffisamment de possibilit\u00e9s d&rsquo;h\u00e9bergement sur place. Cependant, il existe dans les environs de nombreux logements agr\u00e9ables et abordables qui peuvent \u00eatre trouv\u00e9s sur le site AirBNB.<\/p><\/div>\n\t\t\t\t<\/div>\n\t\t\t\t\t\t\t<div class=\"elementor-toggle-item\">\n\t\t\t\t\t<div id=\"elementor-tab-title-6903\" class=\"elementor-tab-title\" data-tab=\"3\" role=\"button\" aria-controls=\"elementor-tab-content-6903\" aria-expanded=\"false\">\n\t\t\t\t\t\t\t\t\t\t\t\t<span class=\"elementor-toggle-icon elementor-toggle-icon-left\" aria-hidden=\"true\">\n\t\t\t\t\t\t\t\t\t\t\t\t\t\t\t<span class=\"elementor-toggle-icon-closed\"><i class=\"fas fa-caret-right\"><\/i><\/span>\n\t\t\t\t\t\t\t\t<span class=\"elementor-toggle-icon-opened\"><i class=\"elementor-toggle-icon-opened fas fa-caret-up\"><\/i><\/span>\n\t\t\t\t\t\t\t\t\t\t\t\t\t<\/span>\n\t\t\t\t\t\t\t\t\t\t\t\t<a class=\"elementor-toggle-title\" tabindex=\"0\">Infrastructure sur place<\/a>\n\t\t\t\t\t<\/div>\n\n\t\t\t\t\t<div id=\"elementor-tab-content-6903\" class=\"elementor-tab-content elementor-clearfix\" data-tab=\"3\" role=\"region\" aria-labelledby=\"elementor-tab-title-6903\"><p class=\"p1\">\u00c0 Moussac : la boulangerie et la poste sont \u00e0 10 minutes \u00e0 v\u00e9lo (nous pouvons vous en pr\u00eater un ici).<\/p><p class=\"p1\">Les supermarch\u00e9s et un magasin bio sont \u00e0 environ 10 minutes en voiture.<\/p><\/div>\n\t\t\t\t<\/div>\n\t\t\t\t\t\t\t<div class=\"elementor-toggle-item\">\n\t\t\t\t\t<div id=\"elementor-tab-title-6904\" class=\"elementor-tab-title\" data-tab=\"4\" role=\"button\" aria-controls=\"elementor-tab-content-6904\" aria-expanded=\"false\">\n\t\t\t\t\t\t\t\t\t\t\t\t<span class=\"elementor-toggle-icon elementor-toggle-icon-left\" aria-hidden=\"true\">\n\t\t\t\t\t\t\t\t\t\t\t\t\t\t\t<span class=\"elementor-toggle-icon-closed\"><i class=\"fas fa-caret-right\"><\/i><\/span>\n\t\t\t\t\t\t\t\t<span class=\"elementor-toggle-icon-opened\"><i class=\"elementor-toggle-icon-opened fas fa-caret-up\"><\/i><\/span>\n\t\t\t\t\t\t\t\t\t\t\t\t\t<\/span>\n\t\t\t\t\t\t\t\t\t\t\t\t<a class=\"elementor-toggle-title\" tabindex=\"0\">Sightseeing<\/a>\n\t\t\t\t\t<\/div>\n\n\t\t\t\t\t<div id=\"elementor-tab-content-6904\" class=\"elementor-tab-content elementor-clearfix\" data-tab=\"4\" role=\"region\" aria-labelledby=\"elementor-tab-title-6904\"><div class=\"\">Villes\/villages \u00e0 visiter :<\/div><div class=\"\">&#8211; Uz\u00e8s<\/div><div class=\"\">&#8211; N\u00eemes<\/div><div class=\"\">&#8211; V\u00e9z\u00e9nobres<\/div><div class=\"\">&#8211; Sommi\u00e8res<br \/>&#8211; Anduze<br \/>&#8211; Saint Jean du Gard<\/div><p>Les attractions touristiques :<br \/>&#8211; Pont du Gard<br \/>&#8211; Bambouserai (bambouseraie pr\u00e8s d&rsquo;Anduze)<br \/>&#8211; La Grotte de Trabuc &#8211; dans les C\u00e9vennes<\/p><div class=\"\">\u00a0<\/div><div class=\"\">Les lieux de nature :<\/div><div class=\"\">&#8211; Excursion : Le Castellas \u00e0 Russan &#8211; Sainte Anastasie<\/div><div class=\"\">&#8211; Randonn\u00e9e : La Baume de Sainte V\u00e9red\u00e8me, Sanilhac<\/div><div class=\"\">&#8211; Randonn\u00e9e : Corb\u00e8s &#8211; la Grotte de Vallaurie<br \/>&#8211; Baignade dans le Gardon, dans les C\u00e9vennes : Vall\u00e9e de Mialet, Pont des Abarines<br \/>&#8211; Vall\u00e9e Fran\u00e7aise dans les C\u00e9vennes : pour des excursions et des randonn\u00e9es<\/div><div class=\"\">\u00a0<\/div><div class=\"\">Au bord de la mer :<\/div><div class=\"\">&#8211; S\u00e8te &#8211; tr\u00e8s belle ville avec plage<\/div><div class=\"\">&#8211; Saintes Marie de la Mer &#8211; Camargue<\/div><div class=\"\">&#8211; Le Grau du Roi &#8211; Plages (L&rsquo;espiguette)<\/div><div class=\"\">&#8211; Plages pr\u00e8s de Montpellier : Carnon Plage &amp; Palavas les Flots<\/div><\/div>\n\t\t\t\t<\/div>\n\t\t\t\t\t\t\t\t<\/div>\n\t\t\t\t\t\t<\/div>\n\t\t\t\t<\/div>\n\t\t\t\t\t<\/div>\n\t\t<\/div>\n\t\t\t\t\t<\/div>\n\t\t<\/section>\n\t\t\t\t<section class=\"elementor-section elementor-top-section elementor-element elementor-element-ad7504d elementor-section-height-min-height elementor-section-items-top elementor-section-boxed elementor-section-height-default\" data-id=\"ad7504d\" data-element_type=\"section\" data-e-type=\"section\" data-settings=\"{&quot;background_background&quot;:&quot;classic&quot;}\">\n\t\t\t\t\t\t<div class=\"elementor-container elementor-column-gap-default\">\n\t\t\t\t\t<div class=\"elementor-column elementor-col-100 elementor-top-column elementor-element elementor-element-3a2ac1c\" data-id=\"3a2ac1c\" data-element_type=\"column\" data-e-type=\"column\" data-settings=\"{&quot;motion_fx_motion_fx_scrolling&quot;:&quot;yes&quot;,&quot;motion_fx_translateY_effect&quot;:&quot;yes&quot;,&quot;motion_fx_translateY_speed&quot;:{&quot;unit&quot;:&quot;px&quot;,&quot;size&quot;:1,&quot;sizes&quot;:[]},&quot;motion_fx_translateY_affectedRange&quot;:{&quot;unit&quot;:&quot;%&quot;,&quot;size&quot;:&quot;&quot;,&quot;sizes&quot;:{&quot;start&quot;:0,&quot;end&quot;:100}},&quot;motion_fx_devices&quot;:[&quot;desktop&quot;,&quot;tablet&quot;,&quot;mobile&quot;]}\">\n\t\t\t<div class=\"elementor-widget-wrap elementor-element-populated\">\n\t\t\t\t\t\t<div class=\"elementor-element elementor-element-27fe58c elementor-widget elementor-widget-text-editor\" data-id=\"27fe58c\" data-element_type=\"widget\" data-e-type=\"widget\" data-widget_type=\"text-editor.default\">\n\t\t\t\t<div class=\"elementor-widget-container\">\n\t\t\t\t\t\t\t\t\t<h4 class=\"p1\"><span class=\"s1\">La crise et le miracle sont tr\u00e8s proches l&rsquo;un de l&rsquo;autre.<\/span><\/h4>\t\t\t\t\t\t\t\t<\/div>\n\t\t\t\t<\/div>\n\t\t\t\t<div class=\"elementor-element elementor-element-d012ead elementor-widget elementor-widget-heading\" data-id=\"d012ead\" data-element_type=\"widget\" data-e-type=\"widget\" data-widget_type=\"heading.default\">\n\t\t\t\t<div class=\"elementor-widget-container\">\n\t\t\t\t\t<h2 class=\"elementor-heading-title elementor-size-default\">Thomas Huebl<\/h2>\t\t\t\t<\/div>\n\t\t\t\t<\/div>\n\t\t\t\t\t<\/div>\n\t\t<\/div>\n\t\t\t\t\t<\/div>\n\t\t<\/section>\n\t\t\t\t<\/div>\n\t\t","protected":false},"excerpt":{"rendered":"<p>Contact The Place of Grace Avez vous des questions ou souhaitez vous prendre rendez-vous ? N&rsquo;h\u00e9sitez pas \u00e0 me contacter comme suit : Ines Kaiser T\u00e9l. +33 (0) 6 47 45 16 85ines@ineskaiser-grace.fr Je parle allemand, anglais et fran\u00e7ais. Adresse : The Place of Grace13, Chemin de Saint-Chaptes30190 MoussacFrance La vie est une question de [&hellip;]<\/p>\n","protected":false},"author":1,"featured_media":0,"parent":0,"menu_order":0,"comment_status":"closed","ping_status":"closed","template":"elementor_header_footer","meta":{"footnotes":""},"class_list":["post-2514","page","type-page","status-publish","hentry"],"aioseo_notices":[],"_links":{"self":[{"href":"https:\/\/ineskaiser-grace.fr\/fr\/wp-json\/wp\/v2\/pages\/2514","targetHints":{"allow":["GET"]}}],"collection":[{"href":"https:\/\/ineskaiser-grace.fr\/fr\/wp-json\/wp\/v2\/pages"}],"about":[{"href":"https:\/\/ineskaiser-grace.fr\/fr\/wp-json\/wp\/v2\/types\/page"}],"author":[{"embeddable":true,"href":"https:\/\/ineskaiser-grace.fr\/fr\/wp-json\/wp\/v2\/users\/1"}],"replies":[{"embeddable":true,"href":"https:\/\/ineskaiser-grace.fr\/fr\/wp-json\/wp\/v2\/comments?post=2514"}],"version-history":[{"count":0,"href":"https:\/\/ineskaiser-grace.fr\/fr\/wp-json\/wp\/v2\/pages\/2514\/revisions"}],"wp:attachment":[{"href":"https:\/\/ineskaiser-grace.fr\/fr\/wp-json\/wp\/v2\/media?parent=2514"}],"curies":[{"name":"wp","href":"https:\/\/api.w.org\/{rel}","templated":true}]}}