{"id":2985,"date":"2022-07-30T18:26:56","date_gmt":"2022-07-30T16:26:56","guid":{"rendered":"https:\/\/ineskaiser-grace.fr\/seminaires\/"},"modified":"2022-10-24T12:39:56","modified_gmt":"2022-10-24T10:39:56","slug":"seminaires","status":"publish","type":"page","link":"https:\/\/ineskaiser-grace.fr\/fr\/seminaires\/","title":{"rendered":"S\u00e9minaires"},"content":{"rendered":"\t\t<div data-elementor-type=\"wp-post\" data-elementor-id=\"2985\" class=\"elementor elementor-2985 elementor-321\">\n\t\t\t\t\t\t<section class=\"elementor-section elementor-top-section elementor-element elementor-element-c5771e4 elementor-hidden-desktop elementor-hidden-tablet elementor-hidden-mobile elementor-section-boxed elementor-section-height-default elementor-section-height-default\" data-id=\"c5771e4\" data-element_type=\"section\" data-e-type=\"section\">\n\t\t\t\t\t\t<div class=\"elementor-container elementor-column-gap-default\">\n\t\t\t\t\t<div class=\"elementor-column elementor-col-100 elementor-top-column elementor-element elementor-element-4ced9487\" data-id=\"4ced9487\" data-element_type=\"column\" data-e-type=\"column\">\n\t\t\t<div class=\"elementor-widget-wrap elementor-element-populated\">\n\t\t\t\t\t\t<div class=\"elementor-element elementor-element-800e914 elementor-widget elementor-widget-image\" data-id=\"800e914\" data-element_type=\"widget\" data-e-type=\"widget\" data-widget_type=\"image.default\">\n\t\t\t\t<div class=\"elementor-widget-container\">\n\t\t\t\t\t\t\t\t\t\t\t\t\t\t\t<img fetchpriority=\"high\" decoding=\"async\" width=\"800\" height=\"743\" src=\"https:\/\/ineskaiser-grace.fr\/wp-content\/uploads\/2022\/08\/Grace_Color_Gold_2.png\" class=\"attachment-large size-large wp-image-1715\" alt=\"\" srcset=\"https:\/\/ineskaiser-grace.fr\/wp-content\/uploads\/2022\/08\/Grace_Color_Gold_2.png 913w, https:\/\/ineskaiser-grace.fr\/wp-content\/uploads\/2022\/08\/Grace_Color_Gold_2-300x279.png 300w, https:\/\/ineskaiser-grace.fr\/wp-content\/uploads\/2022\/08\/Grace_Color_Gold_2-768x713.png 768w\" sizes=\"(max-width: 800px) 100vw, 800px\" \/>\t\t\t\t\t\t\t\t\t\t\t\t\t\t\t<\/div>\n\t\t\t\t<\/div>\n\t\t\t\t\t<\/div>\n\t\t<\/div>\n\t\t\t\t\t<\/div>\n\t\t<\/section>\n\t\t\t\t<section class=\"elementor-section elementor-top-section elementor-element elementor-element-3202fbe6 elementor-section-height-min-height elementor-section-items-bottom elementor-section-boxed elementor-section-height-default\" data-id=\"3202fbe6\" data-element_type=\"section\" data-e-type=\"section\" data-settings=\"{&quot;background_background&quot;:&quot;classic&quot;}\">\n\t\t\t\t\t\t\t<div class=\"elementor-background-overlay\"><\/div>\n\t\t\t\t\t\t\t<div class=\"elementor-container elementor-column-gap-default\">\n\t\t\t\t\t<div class=\"elementor-column elementor-col-100 elementor-top-column elementor-element elementor-element-2d707623\" data-id=\"2d707623\" data-element_type=\"column\" data-e-type=\"column\">\n\t\t\t<div class=\"elementor-widget-wrap elementor-element-populated\">\n\t\t\t\t\t\t\t<\/div>\n\t\t<\/div>\n\t\t\t\t\t<\/div>\n\t\t<\/section>\n\t\t\t\t<section class=\"elementor-section elementor-top-section elementor-element elementor-element-4fb805d elementor-section-height-min-height elementor-section-boxed elementor-section-height-default elementor-section-items-middle\" data-id=\"4fb805d\" data-element_type=\"section\" data-e-type=\"section\">\n\t\t\t\t\t\t<div class=\"elementor-container elementor-column-gap-default\">\n\t\t\t\t\t<div class=\"elementor-column elementor-col-100 elementor-top-column elementor-element elementor-element-3ea9fc9\" data-id=\"3ea9fc9\" data-element_type=\"column\" data-e-type=\"column\">\n\t\t\t<div class=\"elementor-widget-wrap elementor-element-populated\">\n\t\t\t\t\t\t<div class=\"elementor-element elementor-element-20c6c56 elementor-widget elementor-widget-image\" data-id=\"20c6c56\" data-element_type=\"widget\" data-e-type=\"widget\" data-widget_type=\"image.default\">\n\t\t\t\t<div class=\"elementor-widget-container\">\n\t\t\t\t\t\t\t\t\t\t\t\t\t\t\t<img decoding=\"async\" width=\"130\" height=\"120\" src=\"https:\/\/ineskaiser-grace.fr\/wp-content\/uploads\/2022\/08\/Grace_Color_Gold_2-1.png\" class=\"attachment-thumbnail size-thumbnail wp-image-2470\" alt=\"\" \/>\t\t\t\t\t\t\t\t\t\t\t\t\t\t\t<\/div>\n\t\t\t\t<\/div>\n\t\t\t\t<div class=\"elementor-element elementor-element-de5625f elementor-headline--style-rotate elementor-widget elementor-widget-animated-headline\" data-id=\"de5625f\" data-element_type=\"widget\" data-e-type=\"widget\" data-settings=\"{&quot;headline_style&quot;:&quot;rotate&quot;,&quot;rotating_text&quot;:&quot;Seminare\\nAteliers\\nWorkshops&quot;,&quot;animation_type&quot;:&quot;drop-in&quot;,&quot;loop&quot;:&quot;yes&quot;,&quot;rotate_iteration_delay&quot;:2500}\" data-widget_type=\"animated-headline.default\">\n\t\t\t\t<div class=\"elementor-widget-container\">\n\t\t\t\t\t\t\t<h3 class=\"elementor-headline elementor-headline-animation-type-drop-in\">\n\t\t\t\t<span class=\"elementor-headline-dynamic-wrapper elementor-headline-text-wrapper\">\n\t\t\t\t\t<span class=\"elementor-headline-dynamic-text elementor-headline-text-active\">\n\t\t\t\tSeminare\t\t\t<\/span>\n\t\t\t\t\t<span class=\"elementor-headline-dynamic-text \">\n\t\t\t\tAteliers\t\t\t<\/span>\n\t\t\t\t\t<span class=\"elementor-headline-dynamic-text \">\n\t\t\t\tWorkshops\t\t\t<\/span>\n\t\t\t\t\t\t<\/span>\n\t\t\t\t<\/h3>\n\t\t\t\t\t\t<\/div>\n\t\t\t\t<\/div>\n\t\t\t\t\t<\/div>\n\t\t<\/div>\n\t\t\t\t\t<\/div>\n\t\t<\/section>\n\t\t\t\t<section class=\"elementor-section elementor-top-section elementor-element elementor-element-924db4f elementor-section-boxed elementor-section-height-default elementor-section-height-default\" data-id=\"924db4f\" data-element_type=\"section\" data-e-type=\"section\">\n\t\t\t\t\t\t<div class=\"elementor-container elementor-column-gap-default\">\n\t\t\t\t\t<div class=\"elementor-column elementor-col-100 elementor-top-column elementor-element elementor-element-d275595\" data-id=\"d275595\" data-element_type=\"column\" data-e-type=\"column\">\n\t\t\t<div class=\"elementor-widget-wrap elementor-element-populated\">\n\t\t\t\t\t\t<div class=\"elementor-element elementor-element-e44d48f elementor-align-start elementor-icon-list--layout-traditional elementor-list-item-link-full_width elementor-widget elementor-widget-icon-list\" data-id=\"e44d48f\" data-element_type=\"widget\" data-e-type=\"widget\" data-widget_type=\"icon-list.default\">\n\t\t\t\t<div class=\"elementor-widget-container\">\n\t\t\t\t\t\t\t<ul class=\"elementor-icon-list-items\">\n\t\t\t\t\t\t\t<li class=\"elementor-icon-list-item\">\n\t\t\t\t\t\t\t\t\t\t\t<span class=\"elementor-icon-list-icon\">\n\t\t\t\t\t\t\t<i aria-hidden=\"true\" class=\"fas fa-info-circle\"><\/i>\t\t\t\t\t\t<\/span>\n\t\t\t\t\t\t\t\t\t\t<span class=\"elementor-icon-list-text\">Die Seminare finden in der jeweils angegebenen Sprache statt und werden nicht \u00fcbersetzt.<\/span>\n\t\t\t\t\t\t\t\t\t<\/li>\n\t\t\t\t\t\t\t\t<li class=\"elementor-icon-list-item\">\n\t\t\t\t\t\t\t\t\t\t\t<span class=\"elementor-icon-list-icon\">\n\t\t\t\t\t\t\t<i aria-hidden=\"true\" class=\"fas fa-info-circle\"><\/i>\t\t\t\t\t\t<\/span>\n\t\t\t\t\t\t\t\t\t\t<span class=\"elementor-icon-list-text\">Les ateliers se d\u00e9roulent dans la langue indiqu\u00e9e et ne seront pas traduits.<\/span>\n\t\t\t\t\t\t\t\t\t<\/li>\n\t\t\t\t\t\t\t\t<li class=\"elementor-icon-list-item\">\n\t\t\t\t\t\t\t\t\t\t\t<span class=\"elementor-icon-list-icon\">\n\t\t\t\t\t\t\t<i aria-hidden=\"true\" class=\"fas fa-info-circle\"><\/i>\t\t\t\t\t\t<\/span>\n\t\t\t\t\t\t\t\t\t\t<span class=\"elementor-icon-list-text\">All workshops take place in the language indicated and will not be translated. <\/span>\n\t\t\t\t\t\t\t\t\t<\/li>\n\t\t\t\t\t\t<\/ul>\n\t\t\t\t\t\t<\/div>\n\t\t\t\t<\/div>\n\t\t\t\t\t<\/div>\n\t\t<\/div>\n\t\t\t\t\t<\/div>\n\t\t<\/section>\n\t\t\t\t<section class=\"elementor-section elementor-top-section elementor-element elementor-element-e3be856 elementor-section-boxed elementor-section-height-default elementor-section-height-default\" data-id=\"e3be856\" data-element_type=\"section\" data-e-type=\"section\">\n\t\t\t\t\t\t<div class=\"elementor-container elementor-column-gap-default\">\n\t\t\t\t\t<div class=\"elementor-column elementor-col-100 elementor-top-column elementor-element elementor-element-c9c6a09\" data-id=\"c9c6a09\" data-element_type=\"column\" data-e-type=\"column\">\n\t\t\t<div class=\"elementor-widget-wrap elementor-element-populated\">\n\t\t\t\t\t\t<div class=\"elementor-element elementor-element-9825f3e elementor-grid-1 elementor-posts--align-left animated-slow elementor-grid-tablet-2 elementor-grid-mobile-1 elementor-posts--thumbnail-top elementor-card-shadow-yes elementor-posts__hover-gradient elementor-widget elementor-widget-posts\" data-id=\"9825f3e\" data-element_type=\"widget\" data-e-type=\"widget\" data-settings=\"{&quot;cards_columns&quot;:&quot;1&quot;,&quot;_animation&quot;:&quot;none&quot;,&quot;_animation_delay&quot;:500,&quot;cards_columns_tablet&quot;:&quot;2&quot;,&quot;cards_columns_mobile&quot;:&quot;1&quot;,&quot;cards_row_gap&quot;:{&quot;unit&quot;:&quot;px&quot;,&quot;size&quot;:35,&quot;sizes&quot;:[]}}\" data-widget_type=\"posts.cards\">\n\t\t\t\t<div class=\"elementor-widget-container\">\n\t\t\t\t\t\t\t<div class=\"elementor-posts-container elementor-posts elementor-posts--skin-cards elementor-grid\">\n\t\t\t\t<article class=\"elementor-post elementor-grid-item post-2628 post type-post status-publish format-standard has-post-thumbnail hentry category-francais\">\n\t\t\t<div class=\"elementor-post__card\">\n\t\t\t\t<a class=\"elementor-post__thumbnail__link\" href=\"https:\/\/ineskaiser-grace.fr\/fr\/accompagnement-grace\/\" >\n\t\t\t<div class=\"elementor-post__thumbnail\"><img decoding=\"async\" width=\"300\" height=\"200\" src=\"https:\/\/ineskaiser-grace.fr\/wp-content\/uploads\/2022\/08\/SI__5978-300x200.jpg\" class=\"attachment-medium size-medium wp-image-5343\" alt=\"\" srcset=\"https:\/\/ineskaiser-grace.fr\/wp-content\/uploads\/2022\/08\/SI__5978-300x200.jpg 300w, https:\/\/ineskaiser-grace.fr\/wp-content\/uploads\/2022\/08\/SI__5978-1024x683.jpg 1024w, https:\/\/ineskaiser-grace.fr\/wp-content\/uploads\/2022\/08\/SI__5978-768x512.jpg 768w, https:\/\/ineskaiser-grace.fr\/wp-content\/uploads\/2022\/08\/SI__5978-1536x1024.jpg 1536w, https:\/\/ineskaiser-grace.fr\/wp-content\/uploads\/2022\/08\/SI__5978-2048x1366.jpg 2048w\" sizes=\"(max-width: 300px) 100vw, 300px\" \/><\/div>\n\t\t<\/a>\n\t\t\t\t<div class=\"elementor-post__badge\">francais<\/div>\n\t\t\t\t<div class=\"elementor-post__text\">\n\t\t\t\t<h3 class=\"elementor-post__title\">\n\t\t\t<a href=\"https:\/\/ineskaiser-grace.fr\/fr\/accompagnement-grace\/\" >\n\t\t\t\tAcad\u00e9mie Grace : Accompagnement de Grace\t\t\t<\/a>\n\t\t<\/h3>\n\t\t\t\t<div class=\"elementor-post__excerpt\">\n\t\t\t<p>Formation Professionelle<br \/>\n*************************<br \/>\n7 Modules<\/p>\n<p>Module 1 : du 2 au 6 septembre 2026<br \/>\nModule 2 : du 24 au 28 f\u00e9vrier 2027<br \/>\nModule 3 : du 21 au 25 avril 2027<br \/>\nModule 4 : du 16 au 20 juin 2027<br \/>\nModule 5 : du 1er au 5 septembre 2027<br \/>\nModule 6 : du 27 au 31 octobre 2027<br \/>\nModule 7 : du 23 au 27 f\u00e9vrier 2028<\/p>\n\t\t<\/div>\n\t\t\t\t\t<a class=\"elementor-post__read-more\" href=\"https:\/\/ineskaiser-grace.fr\/fr\/accompagnement-grace\/\" >\n\t\t\t\tPlus I More I Plus\t\t\t<\/a>\n\t\t\t\t<\/div>\n\t\t\t\t\t<\/div>\n\t\t<\/article>\n\t\t\t\t<article class=\"elementor-post elementor-grid-item post-2096 post type-post status-publish format-standard has-post-thumbnail hentry category-francais\">\n\t\t\t<div class=\"elementor-post__card\">\n\t\t\t\t<a class=\"elementor-post__thumbnail__link\" href=\"https:\/\/ineskaiser-grace.fr\/fr\/academie-grace-trauma-et-principes-quantiques\/\" >\n\t\t\t<div class=\"elementor-post__thumbnail\"><img loading=\"lazy\" decoding=\"async\" width=\"300\" height=\"200\" src=\"https:\/\/ineskaiser-grace.fr\/wp-content\/uploads\/2022\/08\/SI__6042-300x200.jpg\" class=\"attachment-medium size-medium wp-image-5349\" alt=\"\" srcset=\"https:\/\/ineskaiser-grace.fr\/wp-content\/uploads\/2022\/08\/SI__6042-300x200.jpg 300w, https:\/\/ineskaiser-grace.fr\/wp-content\/uploads\/2022\/08\/SI__6042-1024x683.jpg 1024w, https:\/\/ineskaiser-grace.fr\/wp-content\/uploads\/2022\/08\/SI__6042-768x512.jpg 768w, https:\/\/ineskaiser-grace.fr\/wp-content\/uploads\/2022\/08\/SI__6042-1536x1024.jpg 1536w, https:\/\/ineskaiser-grace.fr\/wp-content\/uploads\/2022\/08\/SI__6042-2048x1366.jpg 2048w\" sizes=\"(max-width: 300px) 100vw, 300px\" \/><\/div>\n\t\t<\/a>\n\t\t\t\t<div class=\"elementor-post__badge\">francais<\/div>\n\t\t\t\t<div class=\"elementor-post__text\">\n\t\t\t\t<h3 class=\"elementor-post__title\">\n\t\t\t<a href=\"https:\/\/ineskaiser-grace.fr\/fr\/academie-grace-trauma-et-principes-quantiques\/\" >\n\t\t\t\tAcad\u00e9mie Grace &#8211; Perspective Trauma, Principes Quantiques et le Peuple Cheval\t\t\t<\/a>\n\t\t<\/h3>\n\t\t\t\t<div class=\"elementor-post__excerpt\">\n\t\t\t<p>Un stage qui permet un aper\u00e7u des \u00e9l\u00e9ments suivants :<br \/>\nPerspective du Traumatisme<br \/>\nPrincipes Quantiques<br \/>\nLe cheminement avec le peuple cheval<\/p>\n<p>Ce stage peut \u00eatre une introduction \u00e0 la formation professionnelle Accompagnement de Grace. <\/p>\n\t\t<\/div>\n\t\t\t\t\t<a class=\"elementor-post__read-more\" href=\"https:\/\/ineskaiser-grace.fr\/fr\/academie-grace-trauma-et-principes-quantiques\/\" >\n\t\t\t\tPlus I More I Plus\t\t\t<\/a>\n\t\t\t\t<\/div>\n\t\t\t\t\t<\/div>\n\t\t<\/article>\n\t\t\t\t<article class=\"elementor-post elementor-grid-item post-279 post type-post status-publish format-standard has-post-thumbnail hentry category-deutsch\">\n\t\t\t<div class=\"elementor-post__card\">\n\t\t\t\t<a class=\"elementor-post__thumbnail__link\" href=\"https:\/\/ineskaiser-grace.fr\/fr\/grace-akademie\/\" >\n\t\t\t<div class=\"elementor-post__thumbnail\"><img loading=\"lazy\" decoding=\"async\" width=\"300\" height=\"200\" src=\"https:\/\/ineskaiser-grace.fr\/wp-content\/uploads\/2022\/07\/SI__5661-300x200.jpg\" class=\"attachment-medium size-medium wp-image-5295\" alt=\"\" srcset=\"https:\/\/ineskaiser-grace.fr\/wp-content\/uploads\/2022\/07\/SI__5661-300x200.jpg 300w, https:\/\/ineskaiser-grace.fr\/wp-content\/uploads\/2022\/07\/SI__5661-1024x683.jpg 1024w, https:\/\/ineskaiser-grace.fr\/wp-content\/uploads\/2022\/07\/SI__5661-768x512.jpg 768w, https:\/\/ineskaiser-grace.fr\/wp-content\/uploads\/2022\/07\/SI__5661-1536x1024.jpg 1536w, https:\/\/ineskaiser-grace.fr\/wp-content\/uploads\/2022\/07\/SI__5661-2048x1366.jpg 2048w\" sizes=\"(max-width: 300px) 100vw, 300px\" \/><\/div>\n\t\t<\/a>\n\t\t\t\t<div class=\"elementor-post__badge\">deutsch<\/div>\n\t\t\t\t<div class=\"elementor-post__text\">\n\t\t\t\t<h3 class=\"elementor-post__title\">\n\t\t\t<a href=\"https:\/\/ineskaiser-grace.fr\/fr\/grace-akademie\/\" >\n\t\t\t\tGrace Akademie \u2013 Intensivwoche zum Thema: Pferd, Mensch, Trauma &#038; Quantenprinzipien &#8211; deutsch\t\t\t<\/a>\n\t\t<\/h3>\n\t\t\t\t<div class=\"elementor-post__excerpt\">\n\t\t\t<p>24. &#8211; 27. September 2025 (Mittwoch bis Samstag)<br \/>\n*************************<br \/>\nEine Fortbildung f\u00fcr Menschen, die mit Mensch &#038; Pferd beruflich arbeiten.<\/p>\n<p>M\u00f6chtest Du\u2026<\/p>\n<p>\u2026Deine professionelle Arbeit mit Mensch und Tier vertieft und sie nach der Energie von dem neuen Zeitalter, in dem wir uns befinden, ausrichten?<\/p>\n<p>\u2026ein fundiertes Traumaverst\u00e4ndnis erlangen, ganz unabh\u00e4ngig davon ob du direkt damit arbeitest oder nicht, im Wissen, dass Trauma in jeder Interaktion auftaucht?<\/p>\n<p>\u2026den Zusammenhang zwischen Pferd, Mensch, Trauma und der Quantendimension auf einer tieferen Ebene verstehen, basierend auf Ethologie und Neurobiologie, sowie Spiritualit\u00e4t, Wissenschaft und Tierkommunikation?<\/p>\n\t\t<\/div>\n\t\t\t\t\t<a class=\"elementor-post__read-more\" href=\"https:\/\/ineskaiser-grace.fr\/fr\/grace-akademie\/\" >\n\t\t\t\tPlus I More I Plus\t\t\t<\/a>\n\t\t\t\t<\/div>\n\t\t\t\t\t<\/div>\n\t\t<\/article>\n\t\t\t\t<article class=\"elementor-post elementor-grid-item post-4758 post type-post status-publish format-standard has-post-thumbnail hentry category-francais\">\n\t\t\t<div class=\"elementor-post__card\">\n\t\t\t\t<a class=\"elementor-post__thumbnail__link\" href=\"https:\/\/ineskaiser-grace.fr\/fr\/cercle-de-vulnerabilite\/\" >\n\t\t\t<div class=\"elementor-post__thumbnail\"><img loading=\"lazy\" decoding=\"async\" width=\"300\" height=\"200\" src=\"https:\/\/ineskaiser-grace.fr\/wp-content\/uploads\/2022\/08\/SI__5342-300x200.jpg\" class=\"attachment-medium size-medium wp-image-5379\" alt=\"\" srcset=\"https:\/\/ineskaiser-grace.fr\/wp-content\/uploads\/2022\/08\/SI__5342-300x200.jpg 300w, https:\/\/ineskaiser-grace.fr\/wp-content\/uploads\/2022\/08\/SI__5342-1024x683.jpg 1024w, https:\/\/ineskaiser-grace.fr\/wp-content\/uploads\/2022\/08\/SI__5342-768x512.jpg 768w, https:\/\/ineskaiser-grace.fr\/wp-content\/uploads\/2022\/08\/SI__5342-1536x1024.jpg 1536w, https:\/\/ineskaiser-grace.fr\/wp-content\/uploads\/2022\/08\/SI__5342-2048x1366.jpg 2048w\" sizes=\"(max-width: 300px) 100vw, 300px\" \/><\/div>\n\t\t<\/a>\n\t\t\t\t<div class=\"elementor-post__badge\">francais<\/div>\n\t\t\t\t<div class=\"elementor-post__text\">\n\t\t\t\t<h3 class=\"elementor-post__title\">\n\t\t\t<a href=\"https:\/\/ineskaiser-grace.fr\/fr\/cercle-de-vulnerabilite\/\" >\n\t\t\t\tCercle de Vuln\u00e9rabilit\u00e9\t\t\t<\/a>\n\t\t<\/h3>\n\t\t\t\t<div class=\"elementor-post__excerpt\">\n\t\t\t<p>Une rencontre interesp\u00e8ce<\/p>\n<p>*************************<br \/>\nEspace de partage en confiance, s\u00e9curit\u00e9 relationnelle et vuln\u00e9rabilit\u00e9<\/p>\n<p>Une exp\u00e9rience guid\u00e9e par :<br \/>\nInes Kaiser, Gilles Miscoria<br \/>\net les chevaux et autres animaux du lieu<br \/>\nThe Place of Grace<\/p>\n\t\t<\/div>\n\t\t\t\t\t<a class=\"elementor-post__read-more\" href=\"https:\/\/ineskaiser-grace.fr\/fr\/cercle-de-vulnerabilite\/\" >\n\t\t\t\tPlus I More I Plus\t\t\t<\/a>\n\t\t\t\t<\/div>\n\t\t\t\t\t<\/div>\n\t\t<\/article>\n\t\t\t\t<article class=\"elementor-post elementor-grid-item post-2640 post type-post status-publish format-standard has-post-thumbnail hentry category-deutsch\">\n\t\t\t<div class=\"elementor-post__card\">\n\t\t\t\t<a class=\"elementor-post__thumbnail__link\" href=\"https:\/\/ineskaiser-grace.fr\/fr\/grace-begleitung\/\" >\n\t\t\t<div class=\"elementor-post__thumbnail\"><img loading=\"lazy\" decoding=\"async\" width=\"300\" height=\"200\" src=\"https:\/\/ineskaiser-grace.fr\/wp-content\/uploads\/2022\/07\/SI__5648-300x200.jpg\" class=\"attachment-medium size-medium wp-image-5304\" alt=\"\" srcset=\"https:\/\/ineskaiser-grace.fr\/wp-content\/uploads\/2022\/07\/SI__5648-300x200.jpg 300w, https:\/\/ineskaiser-grace.fr\/wp-content\/uploads\/2022\/07\/SI__5648-1024x683.jpg 1024w, https:\/\/ineskaiser-grace.fr\/wp-content\/uploads\/2022\/07\/SI__5648-768x512.jpg 768w, https:\/\/ineskaiser-grace.fr\/wp-content\/uploads\/2022\/07\/SI__5648-1536x1024.jpg 1536w, https:\/\/ineskaiser-grace.fr\/wp-content\/uploads\/2022\/07\/SI__5648-2048x1366.jpg 2048w\" sizes=\"(max-width: 300px) 100vw, 300px\" \/><\/div>\n\t\t<\/a>\n\t\t\t\t<div class=\"elementor-post__badge\">deutsch<\/div>\n\t\t\t\t<div class=\"elementor-post__text\">\n\t\t\t\t<h3 class=\"elementor-post__title\">\n\t\t\t<a href=\"https:\/\/ineskaiser-grace.fr\/fr\/grace-begleitung\/\" >\n\t\t\t\tGrace &#8211; Trauma Begleitung &#8211; Berufliche Weiterbildung\t\t\t<\/a>\n\t\t<\/h3>\n\t\t\t\t<div class=\"elementor-post__excerpt\">\n\t\t\t<p>Grace Begleitung mit Pferden<br \/>\nBasierend auf der Integration von Trauma und Quantenprinzipien<\/p>\n<p>Berufliche Weiterbildung<br \/>\n6 Module: M\u00e4rz 2026 bis September 2028<\/p>\n\t\t<\/div>\n\t\t\t\t\t<a class=\"elementor-post__read-more\" href=\"https:\/\/ineskaiser-grace.fr\/fr\/grace-begleitung\/\" >\n\t\t\t\tPlus I More I Plus\t\t\t<\/a>\n\t\t\t\t<\/div>\n\t\t\t\t\t<\/div>\n\t\t<\/article>\n\t\t\t\t<article class=\"elementor-post elementor-grid-item post-2426 post type-post status-publish format-standard has-post-thumbnail hentry category-english\">\n\t\t\t<div class=\"elementor-post__card\">\n\t\t\t\t<a class=\"elementor-post__thumbnail__link\" href=\"https:\/\/ineskaiser-grace.fr\/fr\/equusoma-training\/\" >\n\t\t\t<div class=\"elementor-post__thumbnail\"><img loading=\"lazy\" decoding=\"async\" width=\"300\" height=\"169\" src=\"https:\/\/ineskaiser-grace.fr\/wp-content\/uploads\/2022\/08\/eqqusoma-300x169.png\" class=\"attachment-medium size-medium wp-image-2659\" alt=\"\" srcset=\"https:\/\/ineskaiser-grace.fr\/wp-content\/uploads\/2022\/08\/eqqusoma-300x169.png 300w, https:\/\/ineskaiser-grace.fr\/wp-content\/uploads\/2022\/08\/eqqusoma-1024x576.png 1024w, https:\/\/ineskaiser-grace.fr\/wp-content\/uploads\/2022\/08\/eqqusoma-768x432.png 768w, https:\/\/ineskaiser-grace.fr\/wp-content\/uploads\/2022\/08\/eqqusoma.png 1280w\" sizes=\"(max-width: 300px) 100vw, 300px\" \/><\/div>\n\t\t<\/a>\n\t\t\t\t<div class=\"elementor-post__badge\">english<\/div>\n\t\t\t\t<div class=\"elementor-post__text\">\n\t\t\t\t<h3 class=\"elementor-post__title\">\n\t\t\t<a href=\"https:\/\/ineskaiser-grace.fr\/fr\/equusoma-training\/\" >\n\t\t\t\tEQUUSOMA Training\t\t\t<\/a>\n\t\t<\/h3>\n\t\t\t\t<div class=\"elementor-post__excerpt\">\n\t\t\t<p>Some EQUUSOMA cohorts happen at The Place of Grace. For further information go to: <\/p>\n<p>www.equusoma.com<\/p>\n\t\t<\/div>\n\t\t\t\t\t<a class=\"elementor-post__read-more\" href=\"https:\/\/ineskaiser-grace.fr\/fr\/equusoma-training\/\" >\n\t\t\t\tPlus I More I Plus\t\t\t<\/a>\n\t\t\t\t<\/div>\n\t\t\t\t\t<\/div>\n\t\t<\/article>\n\t\t\t\t<\/div>\n\n\n\t\t\n\t\t\t\t\t\t<\/div>\n\t\t\t\t<\/div>\n\t\t\t\t\t<\/div>\n\t\t<\/div>\n\t\t\t\t\t<\/div>\n\t\t<\/section>\n\t\t\t\t<section class=\"elementor-section elementor-top-section elementor-element elementor-element-d3c293b elementor-section-boxed elementor-section-height-default elementor-section-height-default\" data-id=\"d3c293b\" data-element_type=\"section\" data-e-type=\"section\">\n\t\t\t\t\t\t<div class=\"elementor-container elementor-column-gap-default\">\n\t\t\t\t\t<div class=\"elementor-column elementor-col-100 elementor-top-column elementor-element elementor-element-d31c7d2\" data-id=\"d31c7d2\" data-element_type=\"column\" data-e-type=\"column\">\n\t\t\t<div class=\"elementor-widget-wrap\">\n\t\t\t\t\t\t\t<\/div>\n\t\t<\/div>\n\t\t\t\t\t<\/div>\n\t\t<\/section>\n\t\t\t\t<section class=\"elementor-section elementor-top-section elementor-element elementor-element-43a22681 elementor-section-height-min-height elementor-section-boxed elementor-section-height-default elementor-section-items-middle\" data-id=\"43a22681\" data-element_type=\"section\" data-e-type=\"section\" data-settings=\"{&quot;background_background&quot;:&quot;classic&quot;}\">\n\t\t\t\t\t\t\t<div class=\"elementor-background-overlay\"><\/div>\n\t\t\t\t\t\t\t<div class=\"elementor-container elementor-column-gap-wider\">\n\t\t\t\t\t<div class=\"elementor-column elementor-col-100 elementor-top-column elementor-element elementor-element-62a93015\" data-id=\"62a93015\" data-element_type=\"column\" data-e-type=\"column\" data-settings=\"{&quot;motion_fx_motion_fx_scrolling&quot;:&quot;yes&quot;,&quot;motion_fx_translateY_effect&quot;:&quot;yes&quot;,&quot;motion_fx_translateY_speed&quot;:{&quot;unit&quot;:&quot;px&quot;,&quot;size&quot;:1,&quot;sizes&quot;:[]},&quot;motion_fx_translateY_affectedRange&quot;:{&quot;unit&quot;:&quot;%&quot;,&quot;size&quot;:&quot;&quot;,&quot;sizes&quot;:{&quot;start&quot;:0,&quot;end&quot;:100}},&quot;motion_fx_devices&quot;:[&quot;desktop&quot;,&quot;tablet&quot;,&quot;mobile&quot;]}\">\n\t\t\t<div class=\"elementor-widget-wrap elementor-element-populated\">\n\t\t\t\t\t\t<div class=\"elementor-element elementor-element-44a7c59e elementor-widget elementor-widget-text-editor\" data-id=\"44a7c59e\" data-element_type=\"widget\" data-e-type=\"widget\" data-widget_type=\"text-editor.default\">\n\t\t\t\t<div class=\"elementor-widget-container\">\n\t\t\t\t\t\t\t\t\t<p>La question n&rsquo;est pas de savoir si la vie a un sens, mais comment je peux donner un sens \u00e0 ma propre vie.<\/p>\t\t\t\t\t\t\t\t<\/div>\n\t\t\t\t<\/div>\n\t\t\t\t<div class=\"elementor-element elementor-element-e8ae420 elementor-widget elementor-widget-heading\" data-id=\"e8ae420\" data-element_type=\"widget\" data-e-type=\"widget\" data-widget_type=\"heading.default\">\n\t\t\t\t<div class=\"elementor-widget-container\">\n\t\t\t\t\t<h2 class=\"elementor-heading-title elementor-size-default\">Le dala\u00ef-lama<\/h2>\t\t\t\t<\/div>\n\t\t\t\t<\/div>\n\t\t\t\t\t<\/div>\n\t\t<\/div>\n\t\t\t\t\t<\/div>\n\t\t<\/section>\n\t\t\t\t<\/div>\n\t\t","protected":false},"excerpt":{"rendered":"<p>Seminare Ateliers Workshops Die Seminare finden in der jeweils angegebenen Sprache statt und werden nicht \u00fcbersetzt. Les ateliers se d\u00e9roulent dans la langue indiqu\u00e9e et ne seront pas traduits. All workshops take place in the language indicated and will not be translated. La question n&rsquo;est pas de savoir si la vie a un sens, mais [&hellip;]<\/p>\n","protected":false},"author":1,"featured_media":0,"parent":0,"menu_order":0,"comment_status":"closed","ping_status":"closed","template":"elementor_header_footer","meta":{"footnotes":""},"class_list":["post-2985","page","type-page","status-publish","hentry"],"aioseo_notices":[],"_links":{"self":[{"href":"https:\/\/ineskaiser-grace.fr\/fr\/wp-json\/wp\/v2\/pages\/2985","targetHints":{"allow":["GET"]}}],"collection":[{"href":"https:\/\/ineskaiser-grace.fr\/fr\/wp-json\/wp\/v2\/pages"}],"about":[{"href":"https:\/\/ineskaiser-grace.fr\/fr\/wp-json\/wp\/v2\/types\/page"}],"author":[{"embeddable":true,"href":"https:\/\/ineskaiser-grace.fr\/fr\/wp-json\/wp\/v2\/users\/1"}],"replies":[{"embeddable":true,"href":"https:\/\/ineskaiser-grace.fr\/fr\/wp-json\/wp\/v2\/comments?post=2985"}],"version-history":[{"count":0,"href":"https:\/\/ineskaiser-grace.fr\/fr\/wp-json\/wp\/v2\/pages\/2985\/revisions"}],"wp:attachment":[{"href":"https:\/\/ineskaiser-grace.fr\/fr\/wp-json\/wp\/v2\/media?parent=2985"}],"curies":[{"name":"wp","href":"https:\/\/api.w.org\/{rel}","templated":true}]}}